{"id":634,"date":"2025-01-22T10:07:42","date_gmt":"2025-01-22T09:07:42","guid":{"rendered":"https:\/\/esnargi.eus\/hasiera-2\/"},"modified":"2025-11-14T09:40:25","modified_gmt":"2025-11-14T08:40:25","slug":"hasiera-2","status":"publish","type":"page","link":"https:\/\/esnargi.eus\/es\/","title":{"rendered":"Inicio"},"content":{"rendered":"\n<h2>\n\t\t\tCOMUNIDAD DE ENERG\u00cdAS RENOVABLES\t<\/h2>\n<h1>\n\t\t\tUnimos fuerzas para fomentar el uso de energ\u00edas renovables\t<\/h1>\n\t<p>Bienvenido\/a a la web de ESNARGI , la comunidad de Energ\u00edas Renovables de Eskoriatza. Somos un grupo de personas vecinas comprometidas con el pueblo y nos preocupa el cuidado del medio ambiente. Estamos trabajando en la transformaci\u00f3n de nuestra comunidad, especialmente en el impulso de las energ\u00edas sostenibles y renovables.<\/p>\n\t\t\t<a href=\"#que-es-esnargi\" target=\"_self\">\n\t\t\t\t\t\t\tCon\u00f3cenos\n\t\t\t\t\t<\/a>\n\t\t\t<a href=\"https:\/\/esnargi.eus\/es\/contacto\/\" target=\"_self\">\n\t\t\t\t\t\t\tContacta con nosotros\n\t\t\t\t\t<\/a>\n<h2>\n\t\t\tConstruyendo un futuro sostenible\t<\/h2>\n<h2>\n\t\t\t\u00a1Conoce c\u00f3mo estamos transformando nuestra comunidad!\t<\/h2>\n\t<p>Promovemos instalaciones de placas solares, as\u00ed como iniciativas de ahorro energ\u00e9tico. En Eskoriatza queremos trabajar de forma activa, poniendo en marcha diferentes proyectos y fomentando las energ\u00edas renovables.<\/p>\n<p>Queremos soluciones eficaces, asequibles y sostenibles para todas las personas vecinas, que incidan de forma positiva a la larga, en nuestra comunidad y en general en el medio ambiente.<\/p>\n\t\t\t<a href=\"https:\/\/esnargi.eus\/es\/por-que-hacerse-socio\/\" target=\"_self\">\n\t\t\t\t\t\t\tPor qu\u00e9 hacerse socio\n\t\t\t\t\t<\/a>\n<h2>\n\t\t\tEFECTIVIDAD\t<\/h2>\n\t\t\t\t\t\t\t\t\t<img decoding=\"async\" src=\"https:\/\/esnargi.eus\/wp-content\/uploads\/panela1.svg\" alt=\"panela1\" itemprop=\"image\" height=\"150\" width=\"150\" height=\"300\" width=\"300\" height=\"1024\" width=\"1024\" height=\"1\" width=\"1\" height=\"1\" width=\"1\" height=\"0\" width=\"0\" title=\"panela1\" onerror=\"this.style.display='none'\"  \/>\n<h2>\n\t\t\tGesti\u00f3n energ\u00e9tica y ahorro\t<\/h2>\n<h2>\n\t\t\tRENOVABLE\t<\/h2>\n\t\t\t\t\t\t\t\t\t<img decoding=\"async\" src=\"https:\/\/esnargi.eus\/wp-content\/uploads\/eguzkia.svg\" alt=\"eguzkia\" itemprop=\"image\" title=\"eguzkia\" onerror=\"this.style.display='none'\"  \/>\n<h2>\n\t\t\tEnerg\u00eda limpia y accesible\t<\/h2>\n<h2>\n\t\t\tECOL\u00d3GICO\t<\/h2>\n\t\t\t\t\t\t\t\t\t<img decoding=\"async\" src=\"https:\/\/esnargi.eus\/wp-content\/uploads\/arbola.svg\" alt=\"arbola\" itemprop=\"image\" title=\"arbola\" onerror=\"this.style.display='none'\"  \/>\n<h2>\n\t\t\tImpacto ambiental positivo\t<\/h2>\n\t\t\t\t\t\t\t\t\t<img decoding=\"async\" src=\"https:\/\/esnargi.eus\/wp-content\/plugins\/bb-plugin\/img\/pixel.png\" alt=\"\" itemprop=\"image\" onerror=\"this.style.display='none'\"  \/>\n<h2>\n\t\t\t\u00bfQu\u00e9 es Esnargi?\t<\/h2>\n\t<p>Esnargi es una iniciativa surgida en Eskoriatza desde la responsabilidad medioambiental y social. Este movimiento promueve una cultura comunitaria basada en la sostenibilidad, la colaboraci\u00f3n y la sostenibilidad, en el camino hacia un futuro mejor.<\/p>\n\t\t\t\t\t\t\t\t\t<img decoding=\"async\" src=\"https:\/\/esnargi.eus\/wp-content\/plugins\/bb-plugin\/img\/pixel.png\" alt=\"\" itemprop=\"image\" onerror=\"this.style.display='none'\"  \/>\n<h2>\n\t\t\tUn grupo de eskoriatzarras caminando hacia una cultura comunitaria y sostenible\t<\/h2>\n\t<p><em>\u00abSomos un <strong>grupo de personas de Eskoriatza<\/strong> unidas por la sensibilidad hacia nuestro <strong>entorno natural y social<\/strong>, que quiere generar un impacto positivo en el bienestar de la ciudadan\u00eda actual y futura, impulsando una<strong> cultura de comunidad<\/strong>.<\/em><\/p>\n<p><em>Nuestro objetivo es contribuir a la<strong> sostenibilidad<\/strong> utilizando <strong>energ\u00edas renovables y cercanas<\/strong>, reduciendo el <strong>consumo energ\u00e9tico<\/strong>, fomentando la <strong>movilidad sostenible<\/strong>, mejorando el medio ambiente reduciendo las <strong>emisiones de CO2<\/strong> y protegiendo los <strong>h\u00e1bitats locales<\/strong>, y fomentando la econom\u00eda local.<\/em><\/p>\n<p><em>Todo ello coloreado con procesos participativos, flexibles, unidos a personas diversas y <strong>preservando las expectativas<\/strong> de una convivencia m\u00e1s armoniosa con nuestras ilusiones, esfuerzos y entorno natural y social \u00ab.<\/em><\/p>\n\t\t\t<a href=\"https:\/\/esnargi.eus\/es\/contacto\/\" target=\"_self\">\n\t\t\t\t\t\t\tCont\u00e1ctanos\n\t\t\t\t\t<\/a>\n\t\t\t<a href=\"https:\/\/esnargi.eus\/wp-content\/uploads\/Estatutos-sociales-ESNARGI-KOOP.-S._cas.pdf\" target=\"_blank\" rel=\"noopener\">\n\t\t\t\t\t\t\tDescarga estatutos\n\t\t\t\t\t<\/a>\n\t\t\t\t\t\t\t\t\t<img decoding=\"async\" src=\"https:\/\/esnargi.eus\/wp-content\/uploads\/esnargi_komunitatea_35-2.jpg\" alt=\"esnargi_komunitatea_35-2\" itemprop=\"image\" height=\"1334\" width=\"2000\" srcset=\"https:\/\/esnargi.eus\/wp-content\/uploads\/esnargi_komunitatea_35-2.jpg 2000w, https:\/\/esnargi.eus\/wp-content\/uploads\/esnargi_komunitatea_35-2-300x200.jpg 300w, https:\/\/esnargi.eus\/wp-content\/uploads\/esnargi_komunitatea_35-2-1024x683.jpg 1024w, https:\/\/esnargi.eus\/wp-content\/uploads\/esnargi_komunitatea_35-2-768x512.jpg 768w, https:\/\/esnargi.eus\/wp-content\/uploads\/esnargi_komunitatea_35-2-1536x1025.jpg 1536w\" sizes=\"(max-width: 2000px) 100vw, 2000px\" title=\"esnargi_komunitatea_35-2\" onerror=\"this.style.display='none'\"  \/>\n\t\t\t\t\t\t\t\t\t<img decoding=\"async\" src=\"https:\/\/esnargi.eus\/wp-content\/uploads\/logoa_tagline.svg\" alt=\"logoa_tagline\" itemprop=\"image\" title=\"logoa_tagline\" onerror=\"this.style.display='none'\"  \/>\n<h2>\n\t\t\tNuestro viaje, la fuerza del trabajo conjunto de la comunidad\t<\/h2>\n\t<p>Esnargi es el resultado de una ruta colectiva guiada por la preocupaci\u00f3n por el medio ambiente y el beneficio del pueblo. Aunque en un principio ten\u00edamos el sue\u00f1o de crear un peque\u00f1o grupo de placas solares para autoconsumo, con el tiempo, el proyecto ha ido tomando una direcci\u00f3n m\u00e1s amplia. El trabajo realizado a\u00f1o tras a\u00f1o y la implicaci\u00f3n ciudadana han fortalecido nuestra iniciativa y demostrado la fuerza del trabajo en com\u00fan.<\/p>\n\t\t\t\t\t\t\t<p>Mayo &#8211; 2022<\/p>\n\t\t\t\t\t\t\t<p>Iniciamos en Eskoriatza la iniciativa de crear un grupo de autonconsumo que generaba energ\u00eda a trav\u00e9s de placas solares.<\/p>\t\t\t\t\t\t\t\t\t\t\t\t\t\n\t\t\t\t\t\t\t<p>Diciembre &#8211; 2022<\/p>\n\t\t\t\t\t\t\t<p>Cuando el precio del gas aument\u00f3, empezamos a dar asesor\u00edas para ajustar las facturas de la energ\u00eda en el pueblo. En un solo a\u00f1o ayudamos a 120 familias y se estima que se consigui\u00f3 un ahorro de 120.000 euros.<\/p>\t\t\t\t\t\t\t\t\t\t\t\t\t\n\t\t\t\t\t\t\t<p>Septiembre &#8211; 2023<\/p>\n\t\t\t\t\t\t\t<p>En la asamblea popular se tom\u00f3 la decisi\u00f3n de crear una comunidad energ\u00e9tica a nivel municipal.<\/p>\t\t\t\t\t\t\t\t\t\t\t\t\t\n\t\t\t\t\t\t\t<p>23 de Septiembre &#8211; 2024<\/p>\n\t\t\t\t\t\t\t<p>La Comunidad Energ\u00e9tica de Eskoriatza se constituy\u00f3 formalmente como ESNARGI KOOP.S.<\/p>\t\t\t\t\t\t\t\t\t\t\t\t\t\n<h2>\n\t\t\tParticipa en el proceso de cambio\t<\/h2>\n<h2>\n\t\t\tProtagoniza la transici\u00f3n energ\u00e9tica\t<\/h2>\n\t<p>Desde la comunidad de Eskoriatza creemos que cada persona puede ser parte importante del cambio. \u00danete a nuestra comunidad y convirtamos entre todos y todas nuestra iniciativa en un referente.<\/p>\n<p>Podemos lograr una transici\u00f3n energ\u00e9tica justa y viable para todos y todas si trabajamos conjuntamente.<\/p>\n\t\t\t<a href=\"https:\/\/esnargi.eus\/es\/preguntas-frecuentes\/\" target=\"_self\">\n\t\t\t\t\t\t\tPreguntas frecuentes\n\t\t\t\t\t<\/a>\n<h2>\n\t\t\tC\u00f3mo puedes beneficiarte de ESNARGI\t<\/h2>\n\t<p>Te ofrecemos asesoramiento experto y soluciones innovadoras en energ\u00eda, ya que hemos dise\u00f1ado nuestros servicios para fomentar un consumo energ\u00e9tico m\u00e1s sostenible. Paso a paso nos tendr\u00e1s a tu lado si tu objetivo es un consumo eficiente y responsable.<\/p>\n\t\t\t\t\t\t\t\t\t<img decoding=\"async\" src=\"https:\/\/esnargi.eus\/wp-content\/uploads\/zenbaki-01-1.svg\" alt=\"zenbaki-01\" itemprop=\"image\" title=\"zenbaki-01\" onerror=\"this.style.display='none'\"  \/>\n<h2>\n\t\t\tAsesoramiento en facturas de gas y electricidad\t<\/h2>\n\t\t\t\t\t\t\t\t\t<img decoding=\"async\" src=\"https:\/\/esnargi.eus\/wp-content\/uploads\/zenbaki-02-1.svg\" alt=\"zenbaki-02\" itemprop=\"image\" title=\"zenbaki-02\" onerror=\"this.style.display='none'\"  \/>\n<h2>\n\t\t\tAutoconsumo<br \/> fotovoltaico\t<\/h2>\n\t\t\t\t\t\t\t\t\t<img decoding=\"async\" src=\"https:\/\/esnargi.eus\/wp-content\/uploads\/zenbaki-03-1.svg\" alt=\"zenbaki-03\" itemprop=\"image\" title=\"zenbaki-03\" onerror=\"this.style.display='none'\"  \/>\n<h2>\n\t\t\tRehabilitaci\u00f3n<br \/> de viviendas\t<\/h2>\n\t\t\t<a href=\"https:\/\/esnargi.eus\/es\/servicios\/\" target=\"_self\">\n\t\t\t\t\t\t\tM\u00e1s informaci\u00f3n sobre nuestros servicios y productos\n\t\t\t<\/a>\n<h2>\n\t\t\t\u00daltimas noticias de la comunidad\t<\/h2>\n\t<p>Presta atenci\u00f3n a las actualizaciones m\u00e1s recientes sobre nuestras iniciativas energ\u00e9ticas, eventos locales y pr\u00e1cticas de consejos para el ahorro energ\u00e9tico. En este apartado encontrar\u00e1s noticias importantes para consolidar nuestra comunidad hacia un futuro m\u00e1s sostenible. \u00a1Conoce las novedades y \u00fanete al cambio!<\/p>\n\t\t\t<a href=\"https:\/\/esnargi.eus\/es\/noticias\/\" target=\"_self\">\n\t\t\t\t\t\t\tTodas las noticias\n\t\t\t<\/a>\n\n","protected":false},"excerpt":{"rendered":"<p>COMUNIDAD DE ENERG\u00cdAS RENOVABLES Unimos fuerzas para fomentar el uso de energ\u00edas renovables Bienvenido\/a a la web de ESNARGI , la comunidad de Energ\u00edas Renovables de Eskoriatza. Somos un grupo de personas vecinas comprometidas con el pueblo y nos preocupa el cuidado del medio ambiente. Estamos trabajando en la transformaci\u00f3n de nuestra comunidad, especialmente en&hellip;<\/p>\n","protected":false},"author":1,"featured_media":0,"parent":0,"menu_order":0,"comment_status":"closed","ping_status":"closed","template":"","meta":{"inline_featured_image":false,"footnotes":""},"class_list":["post-634","page","type-page","status-publish","hentry"],"_links":{"self":[{"href":"https:\/\/esnargi.eus\/es\/wp-json\/wp\/v2\/pages\/634","targetHints":{"allow":["GET"]}}],"collection":[{"href":"https:\/\/esnargi.eus\/es\/wp-json\/wp\/v2\/pages"}],"about":[{"href":"https:\/\/esnargi.eus\/es\/wp-json\/wp\/v2\/types\/page"}],"author":[{"embeddable":true,"href":"https:\/\/esnargi.eus\/es\/wp-json\/wp\/v2\/users\/1"}],"replies":[{"embeddable":true,"href":"https:\/\/esnargi.eus\/es\/wp-json\/wp\/v2\/comments?post=634"}],"version-history":[{"count":0,"href":"https:\/\/esnargi.eus\/es\/wp-json\/wp\/v2\/pages\/634\/revisions"}],"wp:attachment":[{"href":"https:\/\/esnargi.eus\/es\/wp-json\/wp\/v2\/media?parent=634"}],"curies":[{"name":"wp","href":"https:\/\/api.w.org\/{rel}","templated":true}]}}