{"id":685,"date":"2024-10-23T15:45:55","date_gmt":"2024-10-23T13:45:55","guid":{"rendered":"https:\/\/esnargi.eus\/zergatik-egin-bazkide\/"},"modified":"2025-02-17T09:34:53","modified_gmt":"2025-02-17T08:34:53","slug":"por-que-hacerse-socio","status":"publish","type":"page","link":"https:\/\/esnargi.eus\/es\/por-que-hacerse-socio\/","title":{"rendered":"\u00bfPor qu\u00e9 hacerse socio?"},"content":{"rendered":"\n<h1>\n\t\t\u00bfPor qu\u00e9 hacerse socio?\n\t<\/h1>\n<h2>\n\t\tUn futuro lleno de energ\u00eda\n\t<\/h2>\n<h2>\n\t\tFortaleza de la comunidad para la sostenibilidad\n\t<\/h2>\n\t<p>La fusi\u00f3n con Esnargi te convierte en un agente activo de transici\u00f3n energ\u00e9tica. Adem\u00e1s, te sentir\u00e1s parte de una comunidad, ayudar\u00e1s a la econom\u00eda local y sacar\u00e1s provecho de los beneficios que se reinvierten en tu comunidad.<\/p>\n<p>Pero eso no es todo, formar parte de esta cooperativa te permite promover actividades de formaci\u00f3n, combatir la vulnerabilidad energ\u00e9tica y fomentar la solidaridad entre la comunidad.<\/p>\n<p>Es una forma de hacer una diferencia real y positiva en tu entorno, disfrutando de un consumo energ\u00e9tico m\u00e1s eficiente y sostenible.<\/p>\n\t\t\t<a href=\"https:\/\/esnargi.eus\/es\/preguntas-frecuentes\/\" target=\"_self\">\n\t\t\t\t\t\t\tPreguntas frecuentes\n\t\t\t\t\t<\/a>\n\t<p>Pertenecer a Esnargi es una gran oportunidad porque puede aportar muchas ventajas para ti.<\/p>\n<p>He aqu\u00ed algunas:<\/p>\n\t\t\t\t\t\t\t\t\t<img decoding=\"async\" src=\"https:\/\/esnargi.eus\/wp-content\/uploads\/zenbaki-01-1.svg\" alt=\"zenbaki-01\" itemprop=\"image\" title=\"zenbaki-01\" onerror=\"this.style.display='none'\"  \/>\n<h2>\n\t\tReducir los efectos <br \/>del cambio clim\u00e1tico\n\t<\/h2>\n<h2>\n\t\tReduciendo el consumo energ\u00e9tico y dejando de consumir combustibles f\u00f3siles, al tiempo que mejoramos nuestra calidad de vida.\n\t<\/h2>\n\t\t\t\t\t\t\t\t\t<img decoding=\"async\" src=\"https:\/\/esnargi.eus\/wp-content\/uploads\/zenbaki-02-1.svg\" alt=\"zenbaki-02\" itemprop=\"image\" title=\"zenbaki-02\" onerror=\"this.style.display='none'\"  \/>\n<h2>\n\t\tMejorar nuestra factura<br \/> energ\u00e9tica\n\t<\/h2>\n<h2>\n\t\tTomando medidas de concienciaci\u00f3n y eficiencia, utilizando energ\u00edas renovables.\n\t<\/h2>\n\t\t\t\t\t\t\t\t\t<img decoding=\"async\" src=\"https:\/\/esnargi.eus\/wp-content\/uploads\/zenbaki-03-1.svg\" alt=\"zenbaki-03\" itemprop=\"image\" title=\"zenbaki-03\" onerror=\"this.style.display='none'\"  \/>\n<h2>\n\t\tFomento de la soberan\u00eda<br \/> energ\u00e9tica\n\t<\/h2>\n<h2>\n\t\tTodas las decisiones que se tomen se tomar\u00e1n desde la propia comunidad.\n\t<\/h2>\n\t\t\t\t\t\t\t\t\t<img decoding=\"async\" src=\"https:\/\/esnargi.eus\/wp-content\/uploads\/zenbaki-04-1.svg\" alt=\"zenbaki-04\" itemprop=\"image\" title=\"zenbaki-04\" onerror=\"this.style.display='none'\"  \/>\n<h2>\n\t\tConseguimos utilizar los recursos energ\u00e9ticos en su lugar de origen.\n\t<\/h2>\n\t\t\t\t\t\t\t\t\t<img decoding=\"async\" src=\"https:\/\/esnargi.eus\/wp-content\/uploads\/zenbaki-05-1.svg\" alt=\"zenbaki-05\" itemprop=\"image\" title=\"zenbaki-05\" onerror=\"this.style.display='none'\"  \/>\n<h2>\n\t\tPromover una mayor <br \/>cohesi\u00f3n social\n\t<\/h2>\n<h2>\n\t\tCon una autogesti\u00f3n conjunta igualitaria, pertenecer a un colectivo permite llegar m\u00e1s lejos y tener m\u00e1s influencia.\n\t<\/h2>\n\t\t\t\t\t\t\t\t\t<img decoding=\"async\" src=\"https:\/\/esnargi.eus\/wp-content\/uploads\/zenbaki-06-1.svg\" alt=\"zenbaki-06\" itemprop=\"image\" title=\"zenbaki-06\" onerror=\"this.style.display='none'\"  \/>\n<h2>\n\t\tProteger a la poblaci\u00f3n en situaci\u00f3n de vulnerabilidad\n\t<\/h2>\n<h2>\n\t\tUtilizando todos los recursos comunes disponibles.\n\t<\/h2>\n<h2>\n\t\tConectar con la comunidad\n\t<\/h2>\n<h2>\n\t\tTu aportaci\u00f3n genera cambio\n\t<\/h2>\n\t<p>Ser socio\/a de ESNARGI te convierte en protagonista de una transici\u00f3n energ\u00e9tica sostenible y solidaria. Contribuir\u00e1s a la protecci\u00f3n del medio ambiente, a la optimizaci\u00f3n del consumo energ\u00e9tico y al fortalecimiento de la econom\u00eda local. Adem\u00e1s, formando parte de la comunidad, tu aportaci\u00f3n tendr\u00e1 un impacto positivo en el entorno social y natural. Compartiendo con ESNARGI, ayudar\u00e1s a construir un futuro mejor. <\/p>\n\t\t\t<a href=\"https:\/\/esnargi.eus\/es\/contacto\/\" target=\"_self\">\n\t\t\t\t\t\t\tCont\u00e1ctanos\n\t\t\t\t\t<\/a>\n\n","protected":false},"excerpt":{"rendered":"<p>\u00bfPor qu\u00e9 hacerse socio? Un futuro lleno de energ\u00eda Fortaleza de la comunidad para la sostenibilidad La fusi\u00f3n con Esnargi te convierte en un agente activo de transici\u00f3n energ\u00e9tica. Adem\u00e1s, te sentir\u00e1s parte de una comunidad, ayudar\u00e1s a la econom\u00eda local y sacar\u00e1s provecho de los beneficios que se reinvierten en tu comunidad. Pero eso&hellip;<\/p>\n","protected":false},"author":1,"featured_media":0,"parent":0,"menu_order":0,"comment_status":"closed","ping_status":"closed","template":"","meta":{"inline_featured_image":false,"footnotes":""},"class_list":["post-685","page","type-page","status-publish","hentry"],"_links":{"self":[{"href":"https:\/\/esnargi.eus\/es\/wp-json\/wp\/v2\/pages\/685","targetHints":{"allow":["GET"]}}],"collection":[{"href":"https:\/\/esnargi.eus\/es\/wp-json\/wp\/v2\/pages"}],"about":[{"href":"https:\/\/esnargi.eus\/es\/wp-json\/wp\/v2\/types\/page"}],"author":[{"embeddable":true,"href":"https:\/\/esnargi.eus\/es\/wp-json\/wp\/v2\/users\/1"}],"replies":[{"embeddable":true,"href":"https:\/\/esnargi.eus\/es\/wp-json\/wp\/v2\/comments?post=685"}],"version-history":[{"count":0,"href":"https:\/\/esnargi.eus\/es\/wp-json\/wp\/v2\/pages\/685\/revisions"}],"wp:attachment":[{"href":"https:\/\/esnargi.eus\/es\/wp-json\/wp\/v2\/media?parent=685"}],"curies":[{"name":"wp","href":"https:\/\/api.w.org\/{rel}","templated":true}]}}