{"id":706,"date":"2024-10-23T16:05:49","date_gmt":"2024-10-23T14:05:49","guid":{"rendered":"https:\/\/esnargi.eus\/zerbitzuak\/"},"modified":"2025-02-17T09:37:29","modified_gmt":"2025-02-17T08:37:29","slug":"servicios","status":"publish","type":"page","link":"https:\/\/esnargi.eus\/es\/servicios\/","title":{"rendered":"Servicios"},"content":{"rendered":"\n<h1>\n\t\tServicios\n\t<\/h1>\n<h2>\n\t\tConoce los servicios energ\u00e9ticos y participativos que ofrecemos:\n\t<\/h2>\n\t\t\t\t\t\t\t\t\t<img decoding=\"async\" src=\"https:\/\/esnargi.eus\/wp-content\/uploads\/ikonoa11.svg\" alt=\"ikonoa11\" itemprop=\"image\" height=\"150\" width=\"150\" height=\"300\" width=\"300\" height=\"1024\" width=\"1024\" height=\"1\" width=\"1\" height=\"1\" width=\"1\" height=\"0\" width=\"0\" title=\"ikonoa11\" onerror=\"this.style.display='none'\"  \/>\n<h2>\n\t\tGeneraci\u00f3n Renovable Comunitaria\n\t<\/h2>\n\t<p>Autoconsumo fotovoltaico (en proceso)<\/p>\n\t\t\t\t\t\t\t\t\t<img decoding=\"async\" src=\"https:\/\/esnargi.eus\/wp-content\/uploads\/ikonoa22.svg\" alt=\"ikonoa22\" itemprop=\"image\" height=\"150\" width=\"150\" height=\"300\" width=\"300\" height=\"1024\" width=\"1024\" height=\"1\" width=\"1\" height=\"1\" width=\"1\" height=\"0\" width=\"0\" title=\"ikonoa22\" onerror=\"this.style.display='none'\"  \/>\n<h2>\n\t\tMovilidad sostenible\n\t<\/h2>\n\t<p>Fomentar una movilidad sostenible y compartida (coches, bicicletas, furgonetas el\u00e9ctricas&#8230;) Debagoiena 2030.<\/p>\n\t\t\t\t\t\t\t\t\t<img decoding=\"async\" src=\"https:\/\/esnargi.eus\/wp-content\/uploads\/ikonoa33.svg\" alt=\"ikonoa33\" itemprop=\"image\" height=\"150\" width=\"150\" height=\"300\" width=\"300\" height=\"1024\" width=\"1024\" height=\"1\" width=\"1\" height=\"1\" width=\"1\" height=\"0\" width=\"0\" title=\"ikonoa33\" onerror=\"this.style.display='none'\"  \/>\n<h2>\n\t\tEficiencia energ\u00e9tica\n\t<\/h2>\n\t<p>Mejorar los aislamientos de edificios, electrodom\u00e9sticos o maquinaria. Goiener &#8211; <a href=\"https:\/\/www.goiener.com\/es\/2024\/09\/renpower-nuevo-proyecto-europeo-ayuda-mejorar-rendimiento-energetico-viviendas\/\" target=\"_blank\" rel=\"noopener\">RenPower<\/a><\/p>\n\t\t\t\t\t\t\t\t\t<img decoding=\"async\" src=\"https:\/\/esnargi.eus\/wp-content\/uploads\/ikonoa44.svg\" alt=\"ikonoa44\" itemprop=\"image\" height=\"150\" width=\"150\" height=\"300\" width=\"300\" height=\"1024\" width=\"1024\" height=\"1\" width=\"1\" height=\"1\" width=\"1\" height=\"0\" width=\"0\" title=\"ikonoa44\" onerror=\"this.style.display='none'\"  \/>\n<h2>\n\t\tFormaci\u00f3n ciudadana\n\t<\/h2>\n\t<p>Aprendizaje y concienciaci\u00f3n sobre energ\u00eda, medio ambiente y sociedad. Goiener &#8211; <a href=\"https:\/\/powerpoor.eu\/\" target=\"_blank\" rel=\"noopener\">PowerPoor<\/a><\/p>\n<h2>\n\t\tPara m\u00e1s informaci\u00f3n sobre nuestros servicios, <br \/>p\u00f3ngase en contacto con nosotros.\n\t<\/h2>\n\t\t\t<a href=\"https:\/\/esnargi.eus\/es\/contacto\/\" target=\"_self\">\n\t\t\t\t\t\t\tCont\u00e1ctanos\n\t\t\t\t\t<\/a>\n\n","protected":false},"excerpt":{"rendered":"<p>Servicios Conoce los servicios energ\u00e9ticos y participativos que ofrecemos: Generaci\u00f3n Renovable Comunitaria Autoconsumo fotovoltaico (en proceso) Movilidad sostenible Fomentar una movilidad sostenible y compartida (coches, bicicletas, furgonetas el\u00e9ctricas&#8230;) Debagoiena 2030. Eficiencia energ\u00e9tica Mejorar los aislamientos de edificios, electrodom\u00e9sticos o maquinaria. Goiener &#8211; RenPower Formaci\u00f3n ciudadana Aprendizaje y concienciaci\u00f3n sobre energ\u00eda, medio ambiente y sociedad. Goiener&hellip;<\/p>\n","protected":false},"author":1,"featured_media":0,"parent":0,"menu_order":0,"comment_status":"closed","ping_status":"closed","template":"","meta":{"inline_featured_image":false,"footnotes":""},"class_list":["post-706","page","type-page","status-publish","hentry"],"_links":{"self":[{"href":"https:\/\/esnargi.eus\/es\/wp-json\/wp\/v2\/pages\/706","targetHints":{"allow":["GET"]}}],"collection":[{"href":"https:\/\/esnargi.eus\/es\/wp-json\/wp\/v2\/pages"}],"about":[{"href":"https:\/\/esnargi.eus\/es\/wp-json\/wp\/v2\/types\/page"}],"author":[{"embeddable":true,"href":"https:\/\/esnargi.eus\/es\/wp-json\/wp\/v2\/users\/1"}],"replies":[{"embeddable":true,"href":"https:\/\/esnargi.eus\/es\/wp-json\/wp\/v2\/comments?post=706"}],"version-history":[{"count":0,"href":"https:\/\/esnargi.eus\/es\/wp-json\/wp\/v2\/pages\/706\/revisions"}],"wp:attachment":[{"href":"https:\/\/esnargi.eus\/es\/wp-json\/wp\/v2\/media?parent=706"}],"curies":[{"name":"wp","href":"https:\/\/api.w.org\/{rel}","templated":true}]}}