{"id":715,"date":"2024-10-23T15:51:09","date_gmt":"2024-10-23T13:51:09","guid":{"rendered":"https:\/\/esnargi.eus\/ohiko-galderak\/"},"modified":"2025-11-14T09:55:46","modified_gmt":"2025-11-14T08:55:46","slug":"preguntas-frecuentes","status":"publish","type":"page","link":"https:\/\/esnargi.eus\/es\/preguntas-frecuentes\/","title":{"rendered":"Preguntas frecuentes"},"content":{"rendered":"\n<h1>\n\t\t\tPreguntas frecuentes\t<\/h1>\n<h2>\n\t\t\tPreguntas frecuentes\t<\/h2>\n\t<p><strong>\u00bfC\u00f3mo funciona ESNARGI?<\/strong><\/p>\n<ul>\n<li>ESNARGI es una cooperativa sin \u00e1nimo de lucro en la que peri\u00f3dicamente realizamos reuniones para concretar los proyectos que queremos trabajar. Puedes participar en el grupo motor, en el grupo de contraste o en el interesado.<\/li>\n<\/ul>\n<p><strong>\u00bfQui\u00e9n puede formar parte de ESNARGI?<\/strong><\/p>\n<ul>\n<li>Bienvenidas ser\u00e1n todos aquellas personas que vivan en Eskoriatza y tengan la ilusi\u00f3n de participar en este proyecto.<\/li>\n<\/ul>\n<p><strong>\u00bfQu\u00e9 tipo de persona socia se puede hacer?<\/strong><\/p>\n<ul>\n<li>Puedes ser persona socia colaboradora o usuaria.<\/li>\n<li>La persona socia colaboradora tiene como objetivo impulsar la cooperativa. Recuerda que \u00abcuanto m\u00e1s seamos, m\u00e1s fuerza haremos\u00bb.<\/li>\n<\/ul>\nPor otro lado, la persona socia consumidora puede utilizar un servicio de la cooperativa; por ejemplo, consumir energ\u00eda procedente de placas fotovoltaicas ubicadas en la localidad. Aunque todav\u00eda no tenemos activo este servicio, estamos trabajando para ponerlo en marcha.<br \/>\n<strong><br \/>\n\u00bfCu\u00e1nto hay que pagar?<\/strong>\n<ul>\n<li>Socios\/as colaboradores\/as\n<ul>\n<li>Los\/as particulares deben pagar 50 \u20ac.<\/li>\n<li>Empresas 1.000 \u20ac.<\/li>\n<\/ul>\n<\/li>\n<li>Socios\/as consumidores\/as\n<ul>\n<li>Los\/as particulares deben pagar 50 \u20ac.<\/li>\n<li>Empresas 100 \u20ac.<\/li>\n<\/ul>\n<\/li>\n<li>El cambio de tipo de socio\/a no supone un aumento de la aportaci\u00f3n econ\u00f3mica y, en el momento de la baja, se procede a su devoluci\u00f3n siguiendo el procedimiento regulado en los estatutos.<\/li>\n<\/ul>\n<p><strong>\u00bfC\u00f3mo hacerse socio\/a?<\/strong><\/p>\n<ul>\n<li>Ponte en contacto con <a href=\"mailto:esnargi@esnargi.eus\" target=\"_blank\" rel=\"noopener\">esnargi@esnargi.eus<\/a> enviando un mensaje y te enviaremos una hoja de inscripci\u00f3n.<\/li>\n<\/ul>\n\t\t\t<a href=\"https:\/\/esnargi.eus\/es\/contacto\/\" target=\"_self\">\n\t\t\t\t\t\t\tCont\u00e1ctanos para m\u00e1s informaci\u00f3n\n\t\t\t\t\t<\/a>\n\t\t\t<a href=\"https:\/\/esnargi.eus\/wp-content\/uploads\/Estatutos-sociales-ESNARGI-KOOP.-S._cas.pdf\" target=\"_blank\" rel=\"noopener\">\n\t\t\t\t\t\t\tDescarga los estatutos sociales\n\t\t\t\t\t<\/a>\n\n","protected":false},"excerpt":{"rendered":"<p>Preguntas frecuentes Preguntas frecuentes \u00bfC\u00f3mo funciona ESNARGI? ESNARGI es una cooperativa sin \u00e1nimo de lucro en la que peri\u00f3dicamente realizamos reuniones para concretar los proyectos que queremos trabajar. Puedes participar en el grupo motor, en el grupo de contraste o en el interesado. \u00bfQui\u00e9n puede formar parte de ESNARGI? Bienvenidas ser\u00e1n todos aquellas personas que&hellip;<\/p>\n","protected":false},"author":1,"featured_media":0,"parent":0,"menu_order":0,"comment_status":"closed","ping_status":"closed","template":"","meta":{"inline_featured_image":false,"footnotes":""},"class_list":["post-715","page","type-page","status-publish","hentry"],"_links":{"self":[{"href":"https:\/\/esnargi.eus\/es\/wp-json\/wp\/v2\/pages\/715","targetHints":{"allow":["GET"]}}],"collection":[{"href":"https:\/\/esnargi.eus\/es\/wp-json\/wp\/v2\/pages"}],"about":[{"href":"https:\/\/esnargi.eus\/es\/wp-json\/wp\/v2\/types\/page"}],"author":[{"embeddable":true,"href":"https:\/\/esnargi.eus\/es\/wp-json\/wp\/v2\/users\/1"}],"replies":[{"embeddable":true,"href":"https:\/\/esnargi.eus\/es\/wp-json\/wp\/v2\/comments?post=715"}],"version-history":[{"count":0,"href":"https:\/\/esnargi.eus\/es\/wp-json\/wp\/v2\/pages\/715\/revisions"}],"wp:attachment":[{"href":"https:\/\/esnargi.eus\/es\/wp-json\/wp\/v2\/media?parent=715"}],"curies":[{"name":"wp","href":"https:\/\/api.w.org\/{rel}","templated":true}]}}