{"id":745,"date":"2025-02-11T16:40:27","date_gmt":"2025-02-11T15:40:27","guid":{"rendered":"https:\/\/esnargi.eus\/abisu-legala\/"},"modified":"2025-03-11T17:29:36","modified_gmt":"2025-03-11T16:29:36","slug":"aviso-legal","status":"publish","type":"page","link":"https:\/\/esnargi.eus\/es\/aviso-legal\/","title":{"rendered":"Aviso legal"},"content":{"rendered":"\n<h1>\n\t\tAviso legal\n\t<\/h1>\n<h2>\n\t\tAviso legal\n\t<\/h2>\n\tEn cumplimiento de lo dispuesto en la Ley 34\/2002, de 11 de julio, de Servicios de la Sociedad de la Informaci\u00f3n y de Comercio Electr\u00f3nico (LSSI-CE), se informa a los usuarios de los siguientes datos:<br \/>\n<b>1. Datos Identificativos<\/b>\n<ul>\n<li><b>Raz\u00f3n Social:<\/b>\u00a0ESNARGI Koop.S. Eskoriatzako Energia Berriztagarrien Komunitatea<\/li>\n<li><b>Domicilio Fiscal:<\/b>\u00a0Ibarraundi Museoa &#8211; Intxaurtxueta z\/g, Eskoriatza &#8211; Gipuzkoa, CP 20540<\/li>\n<li><b>CIF:<\/b>\u00a0F75331165<\/li>\n<li><b>Correo Electr\u00f3nico:<\/b>\u00a0esnargi@esnargi.eus<\/li>\n<li><b>Sitio Web:<\/b>\u00a0<a href=\"https:\/\/esnargi.eus\/\" target=\"_blank\" rel=\"noopener nofollow noreferrer\">https:\/\/esnargi.eus\/<\/a><\/li>\n<\/ul>\n<b>2. Objeto<\/b><br \/>\nEl presente aviso legal regula el uso del sitio web\u00a0<a href=\"https:\/\/esnargi.eus\/\" target=\"_blank\" rel=\"noopener nofollow noreferrer\">https:\/\/esnargi.eus\/<\/a>\u00a0y establece las condiciones generales que regulan el acceso y uso de sus contenidos y servicios.<br \/>\n<b>3. Condiciones de Uso<\/b><br \/>\nEl acceso y uso del sitio web atribuye la condici\u00f3n de usuario e implica la aceptaci\u00f3n plena y sin reservas de todas las disposiciones incluidas en este aviso legal. El usuario se compromete a hacer un uso adecuado del sitio web conforme a la legislaci\u00f3n vigente y a respetar los derechos de terceros.<br \/>\n<b>4. Propiedad Intelectual e Industrial<\/b><br \/>\nTodos los contenidos del sitio web, incluyendo textos, im\u00e1genes, logotipos, dise\u00f1os, software y cualquier otro material, est\u00e1n protegidos por derechos de propiedad intelectual e industrial, siendo titularidad de ESNARGI Koop.S. o de terceros autorizados. Queda prohibida su reproducci\u00f3n, distribuci\u00f3n, modificaci\u00f3n o uso sin la autorizaci\u00f3n expresa del titular.<br \/>\n<b>5. Protecci\u00f3n de Datos<\/b><br \/>\nESNARGI Koop.S. cumple con la normativa vigente en materia de protecci\u00f3n de datos personales, en especial con el Reglamento General de Protecci\u00f3n de Datos (RGPD) y la Ley Org\u00e1nica de Protecci\u00f3n de Datos Personales y Garant\u00eda de los Derechos Digitales (LOPDGDD). Para m\u00e1s informaci\u00f3n, consulte nuestra Pol\u00edtica de Privacidad.<br \/>\n<b>6. Responsabilidad<\/b><br \/>\nESNARGI Koop.S. no se hace responsable de los da\u00f1os y perjuicios derivados del uso de la informaci\u00f3n contenida en este sitio web ni del acceso a sitios externos enlazados. Se reserva el derecho a modificar los contenidos y servicios en cualquier momento sin previo aviso.<br \/>\n<b>7. Legislaci\u00f3n y Jurisdicci\u00f3n Aplicable<\/b><br \/>\nEl presente aviso legal se rige por la legislaci\u00f3n espa\u00f1ola. Para cualquier controversia que pudiera derivarse del acceso o uso del sitio web, las partes acuerdan someterse a los juzgados y tribunales de Gipuzkoa, salvo que la normativa de protecci\u00f3n de consumidores establezca otro foro.\n<p>&nbsp;<\/p>\n\n","protected":false},"excerpt":{"rendered":"<p>Aviso legal Aviso legal En cumplimiento de lo dispuesto en la Ley 34\/2002, de 11 de julio, de Servicios de la Sociedad de la Informaci\u00f3n y de Comercio Electr\u00f3nico (LSSI-CE), se informa a los usuarios de los siguientes datos: 1. Datos Identificativos Raz\u00f3n Social:\u00a0ESNARGI Koop.S. Eskoriatzako Energia Berriztagarrien Komunitatea Domicilio Fiscal:\u00a0Ibarraundi Museoa &#8211; Intxaurtxueta z\/g,&hellip;<\/p>\n","protected":false},"author":1,"featured_media":0,"parent":0,"menu_order":0,"comment_status":"closed","ping_status":"closed","template":"","meta":{"inline_featured_image":false,"footnotes":""},"class_list":["post-745","page","type-page","status-publish","hentry"],"_links":{"self":[{"href":"https:\/\/esnargi.eus\/es\/wp-json\/wp\/v2\/pages\/745","targetHints":{"allow":["GET"]}}],"collection":[{"href":"https:\/\/esnargi.eus\/es\/wp-json\/wp\/v2\/pages"}],"about":[{"href":"https:\/\/esnargi.eus\/es\/wp-json\/wp\/v2\/types\/page"}],"author":[{"embeddable":true,"href":"https:\/\/esnargi.eus\/es\/wp-json\/wp\/v2\/users\/1"}],"replies":[{"embeddable":true,"href":"https:\/\/esnargi.eus\/es\/wp-json\/wp\/v2\/comments?post=745"}],"version-history":[{"count":0,"href":"https:\/\/esnargi.eus\/es\/wp-json\/wp\/v2\/pages\/745\/revisions"}],"wp:attachment":[{"href":"https:\/\/esnargi.eus\/es\/wp-json\/wp\/v2\/media?parent=745"}],"curies":[{"name":"wp","href":"https:\/\/api.w.org\/{rel}","templated":true}]}}