{"id":760,"date":"2025-02-11T16:51:57","date_gmt":"2025-02-11T15:51:57","guid":{"rendered":"https:\/\/esnargi.eus\/pribatutasun-politika\/"},"modified":"2025-02-14T14:26:40","modified_gmt":"2025-02-14T13:26:40","slug":"politica-de-privacidad","status":"publish","type":"page","link":"https:\/\/esnargi.eus\/es\/politica-de-privacidad\/","title":{"rendered":"Pol\u00edtica de privacidad"},"content":{"rendered":"\n<h1>\n\t\tPol\u00edtica de privacidad\n\t<\/h1>\n<h2>\n\t\tPol\u00edtica de privacidad\n\t<\/h2>\n<article data-message-id=\"c40f3567-db00-4a74-9ca8-bdf228cb9a47\">\n<p>ESNARGI Koop.S. Eskoriatzako Energia Berriztagarrien Komunitatea, con CIF F75331165 y domicilio en Ibarraundi Museoa &#8211; Intxaurtxueta z\/g, Eskoriatza &#8211; Gipuzkoa, CP 20540, se compromete a cumplir con la normativa vigente en materia de protecci\u00f3n de datos personales, en especial con el Reglamento General de Protecci\u00f3n de Datos (RGPD) y la Ley Org\u00e1nica de Protecci\u00f3n de Datos Personales y Garant\u00eda de los Derechos Digitales (LOPDGDD).<\/p>\n<p>Recogida y tratamiento de datos personales ESNARGI Koop.S. solo recoger\u00e1 y tratar\u00e1 los datos personales necesarios para la gesti\u00f3n de los servicios ofrecidos en su sitio web\u00a0<a href=\"https:\/\/esnargi.eus\/\" target=\"_blank\" rel=\"noopener noreferrer nofollow ugc\">https:\/\/esnargi.eus\/<\/a>. Estos datos ser\u00e1n tratados de manera l\u00edcita, leal y transparente, con fines determinados y sobre la base del consentimiento del interesado o para el cumplimiento de obligaciones legales.<\/p>\n<p>Derechos de los interesados Los usuarios podr\u00e1n ejercer sus derechos de acceso, rectificaci\u00f3n, supresi\u00f3n, oposici\u00f3n, limitaci\u00f3n del tratamiento y portabilidad de datos, cuando proceda, dirigi\u00e9ndose a la direcci\u00f3n de correo electr\u00f3nico\u00a0<a href=\"mailto:esnargi@esnargi.eus\" target=\"_blank\" rel=\"noopener noreferrer nofollow ugc\">esnargi@esnargi.eus<\/a>\u00a0o a la direcci\u00f3n postal indicada.<\/p>\n<p>Medidas de seguridad ESNARGI Koop.S. aplicar\u00e1 las medidas t\u00e9cnicas y organizativas apropiadas para garantizar la seguridad de los datos personales y evitar su alteraci\u00f3n, p\u00e9rdida, tratamiento o acceso no autorizado.<\/p>\n<p>Cesi\u00f3n de datos Los datos personales no ser\u00e1n cedidos a terceros, salvo obligaci\u00f3n legal o consentimiento expreso del interesado.<\/p>\n<p>Cookies El sitio web de ESNARGI Koop.S. puede utilizar cookies con fines t\u00e9cnicos y de an\u00e1lisis estad\u00edstico. El usuario puede configurar su navegador para ser informado y aceptar o rechazar la instalaci\u00f3n de cookies.<\/p>\n<p>Para m\u00e1s informaci\u00f3n, puede consultar el texto completo de la pol\u00edtica de privacidad en el sitio web de ESNARGI Koop.S.<\/p>\n<\/article>\n\n","protected":false},"excerpt":{"rendered":"<p>Pol\u00edtica de privacidad Pol\u00edtica de privacidad ESNARGI Koop.S. Eskoriatzako Energia Berriztagarrien Komunitatea, con CIF F75331165 y domicilio en Ibarraundi Museoa &#8211; Intxaurtxueta z\/g, Eskoriatza &#8211; Gipuzkoa, CP 20540, se compromete a cumplir con la normativa vigente en materia de protecci\u00f3n de datos personales, en especial con el Reglamento General de Protecci\u00f3n de Datos (RGPD) y&hellip;<\/p>\n","protected":false},"author":1,"featured_media":0,"parent":0,"menu_order":0,"comment_status":"closed","ping_status":"closed","template":"","meta":{"inline_featured_image":false,"footnotes":""},"class_list":["post-760","page","type-page","status-publish","hentry"],"_links":{"self":[{"href":"https:\/\/esnargi.eus\/es\/wp-json\/wp\/v2\/pages\/760","targetHints":{"allow":["GET"]}}],"collection":[{"href":"https:\/\/esnargi.eus\/es\/wp-json\/wp\/v2\/pages"}],"about":[{"href":"https:\/\/esnargi.eus\/es\/wp-json\/wp\/v2\/types\/page"}],"author":[{"embeddable":true,"href":"https:\/\/esnargi.eus\/es\/wp-json\/wp\/v2\/users\/1"}],"replies":[{"embeddable":true,"href":"https:\/\/esnargi.eus\/es\/wp-json\/wp\/v2\/comments?post=760"}],"version-history":[{"count":0,"href":"https:\/\/esnargi.eus\/es\/wp-json\/wp\/v2\/pages\/760\/revisions"}],"wp:attachment":[{"href":"https:\/\/esnargi.eus\/es\/wp-json\/wp\/v2\/media?parent=760"}],"curies":[{"name":"wp","href":"https:\/\/api.w.org\/{rel}","templated":true}]}}