{"id":974,"date":"2025-02-27T11:43:07","date_gmt":"2025-02-27T10:43:07","guid":{"rendered":"https:\/\/esnargi.eus\/berriak\/"},"modified":"2025-03-10T09:38:17","modified_gmt":"2025-03-10T08:38:17","slug":"noticias","status":"publish","type":"page","link":"https:\/\/esnargi.eus\/es\/noticias\/","title":{"rendered":"Noticias"},"content":{"rendered":"\n<h1>\n\t\tNoticias\n\t<\/h1>\n<h2>\n\t\tLo que est\u00e1 pasando\n\t<\/h2>\n<h2>\n\t\t\u00daltimas noticias de la comunidad\n\t<\/h2>\n\t<p>Presta atenci\u00f3n a las actualizaciones m\u00e1s recientes sobre nuestras iniciativas energ\u00e9ticas, eventos locales y pr\u00e1cticas de consejos para el ahorro energ\u00e9tico. En este apartado encontrar\u00e1s noticias importantes para consolidar nuestra comunidad hacia un futuro m\u00e1s sostenible. \u00a1Conoce las novedades y \u00fanete al cambio!<\/p>\n\t\t<p>Sorry, we couldn&#8217;t find any posts. Please try a different search.<\/p>\n\t\t\t\t<form aria-label=\"Search\" method=\"get\" role=\"search\" action=\"https:\/\/esnargi.eus\/es\/\" title=\"Escribe y pulsa Enter para buscar.\">\n\t<input aria-label=\"Search\" type=\"search\" name=\"s\" placeholder=\"Buscar\"  value=\"\" onfocus=\"if (this.value === 'Buscar') { this.value = ''; }\" onblur=\"if (this.value === '') this.value='Buscar';\" \/>\n<\/form>\n\n","protected":false},"excerpt":{"rendered":"<p>Noticias Lo que est\u00e1 pasando \u00daltimas noticias de la comunidad Presta atenci\u00f3n a las actualizaciones m\u00e1s recientes sobre nuestras iniciativas energ\u00e9ticas, eventos locales y pr\u00e1cticas de consejos para el ahorro energ\u00e9tico. En este apartado encontrar\u00e1s noticias importantes para consolidar nuestra comunidad hacia un futuro m\u00e1s sostenible. \u00a1Conoce las novedades y \u00fanete al cambio! Sorry, we&hellip;<\/p>\n","protected":false},"author":1,"featured_media":0,"parent":0,"menu_order":0,"comment_status":"closed","ping_status":"closed","template":"","meta":{"inline_featured_image":false,"footnotes":""},"class_list":["post-974","page","type-page","status-publish","hentry"],"_links":{"self":[{"href":"https:\/\/esnargi.eus\/es\/wp-json\/wp\/v2\/pages\/974","targetHints":{"allow":["GET"]}}],"collection":[{"href":"https:\/\/esnargi.eus\/es\/wp-json\/wp\/v2\/pages"}],"about":[{"href":"https:\/\/esnargi.eus\/es\/wp-json\/wp\/v2\/types\/page"}],"author":[{"embeddable":true,"href":"https:\/\/esnargi.eus\/es\/wp-json\/wp\/v2\/users\/1"}],"replies":[{"embeddable":true,"href":"https:\/\/esnargi.eus\/es\/wp-json\/wp\/v2\/comments?post=974"}],"version-history":[{"count":0,"href":"https:\/\/esnargi.eus\/es\/wp-json\/wp\/v2\/pages\/974\/revisions"}],"wp:attachment":[{"href":"https:\/\/esnargi.eus\/es\/wp-json\/wp\/v2\/media?parent=974"}],"curies":[{"name":"wp","href":"https:\/\/api.w.org\/{rel}","templated":true}]}}